{"id":704,"date":"2022-02-23T10:13:07","date_gmt":"2022-02-23T10:13:07","guid":{"rendered":"https:\/\/tresubresdobles.es\/index.php\/home\/"},"modified":"2025-04-04T08:28:22","modified_gmt":"2025-04-04T08:28:22","slug":"home","status":"publish","type":"page","link":"https:\/\/tresubresdobles.es\/","title":{"rendered":"Inicio"},"content":{"rendered":"\n<div style=\"height:26px\" aria-hidden=\"true\" class=\"wp-block-spacer\"><\/div>\n\n\n\n<div class=\"wp-block-cover alignfull is-light\" style=\"min-height:700px;aspect-ratio:unset;\"><span aria-hidden=\"true\" class=\"wp-block-cover__background has-white-background-color has-background-dim-100 has-background-dim\"><\/span><img loading=\"lazy\" decoding=\"async\" width=\"1200\" height=\"600\" class=\"wp-block-cover__image-background wp-image-983\" alt=\"\" src=\"https:\/\/tresubresdobles.es\/wp-content\/uploads\/2022\/05\/diseno-web-tres-ubres-dobles-2.jpg\" style=\"object-position:50% 49%\" data-object-fit=\"cover\" data-object-position=\"50% 49%\" srcset=\"https:\/\/tresubresdobles.es\/wp-content\/uploads\/2022\/05\/diseno-web-tres-ubres-dobles-2.jpg 1200w, https:\/\/tresubresdobles.es\/wp-content\/uploads\/2022\/05\/diseno-web-tres-ubres-dobles-2-300x150.jpg 300w, https:\/\/tresubresdobles.es\/wp-content\/uploads\/2022\/05\/diseno-web-tres-ubres-dobles-2-1024x512.jpg 1024w, https:\/\/tresubresdobles.es\/wp-content\/uploads\/2022\/05\/diseno-web-tres-ubres-dobles-2-768x384.jpg 768w\" sizes=\"auto, (max-width: 1200px) 100vw, 1200px\" \/><div class=\"wp-block-cover__inner-container is-layout-flow wp-block-cover-is-layout-flow\">\n<div class=\"wp-block-columns is-layout-flex wp-container-core-columns-is-layout-28f84493 wp-block-columns-is-layout-flex\">\n<div class=\"wp-block-column is-layout-flow wp-block-column-is-layout-flow\" style=\"flex-basis:50%\">\n<h4 class=\"wp-block-heading has-text-align-center has-ast-global-color-8-color has-text-color\">Si est\u00e1s aqu\u00ed es porque&#8230;<\/h4>\n\n\n\n<h1 class=\"wp-block-heading has-text-align-center has-ast-global-color-8-color has-text-color\" style=\"line-height:1\">Hacemos dise\u00f1os de la leche<\/h1>\n\n\n\n<hr class=\"wp-block-separator has-text-color has-black-color has-css-opacity has-black-background-color has-background aligncenter is-style-wide\"\/>\n\n\n\n<h4 class=\"wp-block-heading has-text-align-center has-ast-global-color-8-color has-text-color\">Para orde\u00f1ar internet hasta la \u00faltima gota necesitas lo mejor del dise\u00f1o web, dise\u00f1o gr\u00e1fico, y fotograf\u00eda y v\u00eddeos para webs y redes sociales.<\/h4>\n\n\n\n<div class=\"wp-block-buttons is-layout-flex wp-block-buttons-is-layout-flex\">\n<div class=\"wp-block-button aligncenter\"><a class=\"wp-block-button__link wp-element-button\" href=\"https:\/\/tresubresdobles.es\/index.php\/portfolio\/\" target=\"_blank\" rel=\"noreferrer noopener\">ver portfolio<\/a><\/div>\n<\/div>\n\n\n\n<div class=\"wp-block-buttons is-layout-flex wp-block-buttons-is-layout-flex\"><\/div>\n\n\n\n<div class=\"wp-block-buttons is-layout-flex wp-block-buttons-is-layout-flex\"><\/div>\n\n\n\n<div class=\"wp-block-buttons is-layout-flex wp-block-buttons-is-layout-flex\"><\/div>\n\n\n\n<div class=\"wp-block-buttons is-layout-flex wp-block-buttons-is-layout-flex\"><\/div>\n\n\n\n<div class=\"wp-block-buttons is-layout-flex wp-block-buttons-is-layout-flex\"><\/div>\n<\/div>\n\n\n\n<div class=\"wp-block-column is-layout-flow wp-block-column-is-layout-flow\" style=\"flex-basis:50%\">\n<figure class=\"wp-block-image size-full\"><img loading=\"lazy\" decoding=\"async\" width=\"549\" height=\"449\" src=\"https:\/\/tresubresdobles.es\/wp-content\/uploads\/2022\/05\/tres-ubres-doble-diseno-grafico.jpg\" alt=\"\" class=\"wp-image-990\" srcset=\"https:\/\/tresubresdobles.es\/wp-content\/uploads\/2022\/05\/tres-ubres-doble-diseno-grafico.jpg 549w, https:\/\/tresubresdobles.es\/wp-content\/uploads\/2022\/05\/tres-ubres-doble-diseno-grafico-300x245.jpg 300w\" sizes=\"auto, (max-width: 549px) 100vw, 549px\" \/><\/figure>\n<\/div>\n<\/div>\n<\/div><\/div>\n\n\n\n<div style=\"height:29px\" aria-hidden=\"true\" class=\"wp-block-spacer\"><\/div>\n\n\n\n<div class=\"wp-block-cover alignfull is-light\" style=\"min-height:733px;aspect-ratio:unset;\"><span aria-hidden=\"true\" class=\"wp-block-cover__background has-white-background-color has-background-dim-100 has-background-dim\"><\/span><img loading=\"lazy\" decoding=\"async\" width=\"1200\" height=\"600\" class=\"wp-block-cover__image-background wp-image-983\" alt=\"\" src=\"https:\/\/tresubresdobles.es\/wp-content\/uploads\/2022\/05\/diseno-web-tres-ubres-dobles-2.jpg\" style=\"object-position:59% 48%\" data-object-fit=\"cover\" data-object-position=\"59% 48%\" srcset=\"https:\/\/tresubresdobles.es\/wp-content\/uploads\/2022\/05\/diseno-web-tres-ubres-dobles-2.jpg 1200w, https:\/\/tresubresdobles.es\/wp-content\/uploads\/2022\/05\/diseno-web-tres-ubres-dobles-2-300x150.jpg 300w, https:\/\/tresubresdobles.es\/wp-content\/uploads\/2022\/05\/diseno-web-tres-ubres-dobles-2-1024x512.jpg 1024w, https:\/\/tresubresdobles.es\/wp-content\/uploads\/2022\/05\/diseno-web-tres-ubres-dobles-2-768x384.jpg 768w\" sizes=\"auto, (max-width: 1200px) 100vw, 1200px\" \/><div class=\"wp-block-cover__inner-container is-layout-flow wp-block-cover-is-layout-flow\">\n<h2 class=\"wp-block-heading has-text-align-center has-black-color has-text-color\">Dise\u00f1os bonitos, eficaces y baratos<\/h2>\n\n\n\n<div style=\"height:16px\" aria-hidden=\"true\" class=\"wp-block-spacer\"><\/div>\n\n\n\n<p class=\"has-text-align-center\">Esta es nuestra filosof\u00eda. No dise\u00f1amos para las grandes empresas, sino <strong>para personas o pymes que quieren sacar sus proyectos adelante sin necesidad de acometer una gran inversi\u00f3n<\/strong>. Si este es tu caso, cuando pides un logotipo no necesitas un \u00ab<em>manual de identidad corporativa y diez versiones del logotipo<\/em>\u00bb que nunca vas a usar. Necesitas un logotipo. Y en TresUbresDobles queremos que tengas justo lo que necesitas, y solo cobramos por eso.<\/p>\n\n\n\n<div style=\"height:39px\" aria-hidden=\"true\" class=\"wp-block-spacer\"><\/div>\n\n\n\n<div class=\"wp-block-columns is-layout-flex wp-container-core-columns-is-layout-28f84493 wp-block-columns-is-layout-flex\">\n<div class=\"wp-block-column is-vertically-aligned-center is-layout-flow wp-block-column-is-layout-flow\" style=\"flex-basis:50%\">\n<figure class=\"wp-block-image size-full\"><img loading=\"lazy\" decoding=\"async\" width=\"600\" height=\"452\" src=\"https:\/\/tresubresdobles.es\/wp-content\/uploads\/2022\/05\/servicios-diseno-grafico-web-2.jpg\" alt=\"\" class=\"wp-image-1038\" srcset=\"https:\/\/tresubresdobles.es\/wp-content\/uploads\/2022\/05\/servicios-diseno-grafico-web-2.jpg 600w, https:\/\/tresubresdobles.es\/wp-content\/uploads\/2022\/05\/servicios-diseno-grafico-web-2-300x226.jpg 300w\" sizes=\"auto, (max-width: 600px) 100vw, 600px\" \/><\/figure>\n<\/div>\n\n\n\n<div class=\"wp-block-column is-vertically-aligned-center is-layout-flow wp-block-column-is-layout-flow\" style=\"flex-basis:50%\">\n<h3 class=\"wp-block-heading has-text-align-left has-black-color has-text-color\">Dise\u00f1o web<\/h3>\n\n\n\n<p class=\"has-black-color has-text-color\">Dise\u00f1amos <strong>p\u00e1ginas web bonitas, funcionales, y responsive <\/strong>para que se vean bien tanto en ordenador como en m\u00f3vil. Tan sencillas como una landing page, o complejas tiendas online que necesitan una buena estructura.<\/p>\n\n\n\n<h3 class=\"wp-block-heading has-black-color has-text-color\">Dise\u00f1o gr\u00e1fico<\/h3>\n\n\n\n<p class=\"has-black-color has-text-color\">Logotipos, papeler\u00eda corporativa, flyers, folletos, p\u00f3sters\u2026 Lo que tu empresa necesite. Siempre buscamos la forma de que<strong> el dise\u00f1o muestre el esp\u00edritu del servicio\/producto.<\/strong><\/p>\n\n\n\n<h3 class=\"wp-block-heading has-black-color has-text-color\">Fotos y v\u00eddeos para internet<\/h3>\n\n\n\n<p class=\"has-black-color has-text-color\">\u00bfNecesitas <strong>una foto de tus productos para tu tienda online<\/strong>? \u00bfQuieres tener<strong> un v\u00eddeo sencillo pero bonito y profesional <\/strong>para tus redes sociales? Puedes tenerlo, y m\u00e1s barato de lo que piensas.<\/p>\n\n\n\n<h3 class=\"wp-block-heading has-black-color has-text-color\">Redacci\u00f3n de contenidos y SEO<\/h3>\n\n\n\n<p class=\"has-black-color has-text-color\">\u00bfTus textos no \u201cenganchan\u201d a tu p\u00fablico? \u00bfTu p\u00e1gina no se posiciona bien en Google? Quiz\u00e1s tienes un problema de redacci\u00f3n de textos. <strong>Nosotros te podemos ayudar.<\/strong><\/p>\n<\/div>\n<\/div>\n<\/div><\/div>\n\n\n\n<div style=\"height:52px\" aria-hidden=\"true\" class=\"wp-block-spacer\"><\/div>\n\n\n\n<h2 class=\"wp-block-heading has-text-align-center\">\u00bfQu\u00e9 nos hace diferentes?<\/h2>\n\n\n\n<div style=\"height:10px\" aria-hidden=\"true\" class=\"wp-block-spacer\"><\/div>\n\n\n\n<p class=\"has-text-align-center\">Tenemos una forma de trabajar muy clara, lo que nos hace ideales para personas o PYMES que necesitan <strong>un dise\u00f1o de calidad, r\u00e1pido, barato y con un buen asesoramiento profesional. <\/strong>Esto es lo que le ofrecemos a tu empresa, y lo que nos hace diferentes a otros estudios de dise\u00f1o:<\/p>\n\n\n\n<div style=\"height:46px\" aria-hidden=\"true\" class=\"wp-block-spacer\"><\/div>\n\n\n\n<div class=\"wp-block-columns is-layout-flex wp-container-core-columns-is-layout-28f84493 wp-block-columns-is-layout-flex\">\n<div class=\"wp-block-column is-layout-flow wp-block-column-is-layout-flow\">\n<figure class=\"wp-block-image aligncenter size-full is-resized\"><img loading=\"lazy\" decoding=\"async\" width=\"300\" height=\"442\" src=\"https:\/\/tresubresdobles.es\/wp-content\/uploads\/2022\/05\/diseno-calidad-2.jpg\" alt=\"\" class=\"wp-image-1097\" style=\"width:225px;height:332px\" srcset=\"https:\/\/tresubresdobles.es\/wp-content\/uploads\/2022\/05\/diseno-calidad-2.jpg 300w, https:\/\/tresubresdobles.es\/wp-content\/uploads\/2022\/05\/diseno-calidad-2-204x300.jpg 204w\" sizes=\"auto, (max-width: 300px) 100vw, 300px\" \/><\/figure>\n\n\n\n<div style=\"height:20px\" aria-hidden=\"true\" class=\"wp-block-spacer\"><\/div>\n\n\n\n<h2 class=\"wp-block-heading has-text-align-center has-large-font-size\">Dise\u00f1os de calidad<\/h2>\n\n\n\n<p class=\"has-text-align-center\">Tenemos m\u00e1s de veinte a\u00f1os de experiencia en el mundo del dise\u00f1o gr\u00e1fico, y estudiamos todos los d\u00edas para conocer las \u00faltimas t\u00e9cnicas de dise\u00f1o web, algo que cambia d\u00eda a d\u00eda. Te garantizamos <strong>resultados profesionales <\/strong>porque es la \u00fanica forma de que tu p\u00fablico objetivo te vea como una<strong> empresa profesional<\/strong>.<\/p>\n<\/div>\n\n\n\n<div class=\"wp-block-column is-layout-flow wp-block-column-is-layout-flow\">\n<figure class=\"wp-block-image aligncenter size-full is-resized\"><img loading=\"lazy\" decoding=\"async\" width=\"300\" height=\"456\" src=\"https:\/\/tresubresdobles.es\/wp-content\/uploads\/2022\/05\/diseno-rapidez-2.jpg\" alt=\"\" class=\"wp-image-1098\" style=\"width:225px;height:342px\" srcset=\"https:\/\/tresubresdobles.es\/wp-content\/uploads\/2022\/05\/diseno-rapidez-2.jpg 300w, https:\/\/tresubresdobles.es\/wp-content\/uploads\/2022\/05\/diseno-rapidez-2-197x300.jpg 197w\" sizes=\"auto, (max-width: 300px) 100vw, 300px\" \/><\/figure>\n\n\n\n<div style=\"height:20px\" aria-hidden=\"true\" class=\"wp-block-spacer\"><\/div>\n\n\n\n<h2 class=\"wp-block-heading has-text-align-center has-large-font-size\">Rapidez de ejecuci\u00f3n<\/h2>\n\n\n\n<p class=\"has-text-align-center\">Somos un equipo peque\u00f1o que <strong>controlamos perfectamente los plazos de entrega<\/strong> de nuestros dise\u00f1os. Tenemos una gran capacidad de reacci\u00f3n, pero al mismo tiempo seremos sinceros si nos pides un plazo \u201cirreal\u201d en nuestro flujo de trabajo. La experiencia nos ha ense\u00f1ado que es mejor rechazar un proyecto que quedar mal contigo y con otros clientes<\/p>\n<\/div>\n\n\n\n<div class=\"wp-block-column is-layout-flow wp-block-column-is-layout-flow\">\n<figure class=\"wp-block-image aligncenter size-full is-resized\"><img loading=\"lazy\" decoding=\"async\" width=\"300\" height=\"456\" src=\"https:\/\/tresubresdobles.es\/wp-content\/uploads\/2022\/05\/disenos-baratos-2.jpg\" alt=\"\" class=\"wp-image-1100\" style=\"width:225px;height:342px\" srcset=\"https:\/\/tresubresdobles.es\/wp-content\/uploads\/2022\/05\/disenos-baratos-2.jpg 300w, https:\/\/tresubresdobles.es\/wp-content\/uploads\/2022\/05\/disenos-baratos-2-197x300.jpg 197w\" sizes=\"auto, (max-width: 300px) 100vw, 300px\" \/><\/figure>\n\n\n\n<div style=\"height:20px\" aria-hidden=\"true\" class=\"wp-block-spacer\"><\/div>\n\n\n\n<h2 class=\"wp-block-heading has-text-align-center has-large-font-size\">Dise\u00f1os baratos<\/h2>\n\n\n\n<p class=\"has-text-align-center\">Nuestros precios son muy competitivos porque<strong> tenemos una forma de trabajo muy estructurada<\/strong>. Somos muy sinceros: no intentamos abarcar m\u00e1s de lo que podemos abarcar porque es la \u00fanica forma de lograr ser eficaces y r\u00e1pidos, que es lo que hace que nuestros dise\u00f1os tengan<strong> un precio econ\u00f3mico<\/strong>.<\/p>\n<\/div>\n\n\n\n<div class=\"wp-block-column is-layout-flow wp-block-column-is-layout-flow\">\n<figure class=\"wp-block-image aligncenter size-full is-resized\"><img loading=\"lazy\" decoding=\"async\" width=\"300\" height=\"442\" src=\"https:\/\/tresubresdobles.es\/wp-content\/uploads\/2022\/05\/diseno-asesoramiento-profesional-2.jpg\" alt=\"\" class=\"wp-image-1101\" style=\"width:225px;height:332px\" srcset=\"https:\/\/tresubresdobles.es\/wp-content\/uploads\/2022\/05\/diseno-asesoramiento-profesional-2.jpg 300w, https:\/\/tresubresdobles.es\/wp-content\/uploads\/2022\/05\/diseno-asesoramiento-profesional-2-204x300.jpg 204w\" sizes=\"auto, (max-width: 300px) 100vw, 300px\" \/><\/figure>\n\n\n\n<div style=\"height:20px\" aria-hidden=\"true\" class=\"wp-block-spacer\"><\/div>\n\n\n\n<h2 class=\"wp-block-heading has-text-align-center has-large-font-size\">Asesoramiento profesional<\/h2>\n\n\n\n<p class=\"has-text-align-center\">La experiencia nos lleva a preguntarle muchas veces al cliente \u201cpor qu\u00e9\u201d quiere una pieza determinada, porque quiz\u00e1s no sea la mejor forma de conseguir sus objetivos. Cuando comencemos un proyecto, <strong>te asesoraremos de forma gratuita <\/strong>aportando nuestros conocimientos y experiencia.<\/p>\n<\/div>\n<\/div>\n\n\n\n<div style=\"height:100px\" aria-hidden=\"true\" class=\"wp-block-spacer\"><\/div>\n","protected":false},"excerpt":{"rendered":"<p>\u00bfQu\u00e9 nos hace diferentes? Tenemos una forma de trabajar muy clara, lo que nos hace ideales para personas o PYMES que necesitan un dise\u00f1o de calidad, r\u00e1pido, barato y con un buen asesoramiento profesional. Esto es lo que le ofrecemos a tu empresa, y lo que nos hace diferentes a otros estudios de dise\u00f1o: Dise\u00f1os [&hellip;]<\/p>\n","protected":false},"author":1,"featured_media":0,"parent":0,"menu_order":0,"comment_status":"closed","ping_status":"closed","template":"","meta":{"site-sidebar-layout":"no-sidebar","site-content-layout":"plain-container","ast-site-content-layout":"normal-width-container","site-content-style":"unboxed","site-sidebar-style":"unboxed","ast-global-header-display":"","ast-banner-title-visibility":"","ast-main-header-display":"","ast-hfb-above-header-display":"","ast-hfb-below-header-display":"","ast-hfb-mobile-header-display":"","site-post-title":"disabled","ast-breadcrumbs-content":"","ast-featured-img":"disabled","footer-sml-layout":"","theme-transparent-header-meta":"disabled","adv-header-id-meta":"","stick-header-meta":"","header-above-stick-meta":"","header-main-stick-meta":"","header-below-stick-meta":"","astra-migrate-meta-layouts":"set","ast-page-background-enabled":"default","ast-page-background-meta":{"desktop":{"background-color":"","background-image":"","background-repeat":"repeat","background-position":"center center","background-size":"auto","background-attachment":"scroll","background-type":"","background-media":"","overlay-type":"","overlay-color":"","overlay-opacity":"","overlay-gradient":""},"tablet":{"background-color":"","background-image":"","background-repeat":"repeat","background-position":"center center","background-size":"auto","background-attachment":"scroll","background-type":"","background-media":"","overlay-type":"","overlay-color":"","overlay-opacity":"","overlay-gradient":""},"mobile":{"background-color":"","background-image":"","background-repeat":"repeat","background-position":"center center","background-size":"auto","background-attachment":"scroll","background-type":"","background-media":"","overlay-type":"","overlay-color":"","overlay-opacity":"","overlay-gradient":""}},"ast-content-background-meta":{"desktop":{"background-color":"var(--ast-global-color-5)","background-image":"","background-repeat":"repeat","background-position":"center center","background-size":"auto","background-attachment":"scroll","background-type":"","background-media":"","overlay-type":"","overlay-color":"","overlay-opacity":"","overlay-gradient":""},"tablet":{"background-color":"var(--ast-global-color-5)","background-image":"","background-repeat":"repeat","background-position":"center center","background-size":"auto","background-attachment":"scroll","background-type":"","background-media":"","overlay-type":"","overlay-color":"","overlay-opacity":"","overlay-gradient":""},"mobile":{"background-color":"var(--ast-global-color-5)","background-image":"","background-repeat":"repeat","background-position":"center center","background-size":"auto","background-attachment":"scroll","background-type":"","background-media":"","overlay-type":"","overlay-color":"","overlay-opacity":"","overlay-gradient":""}},"footnotes":""},"class_list":["post-704","page","type-page","status-publish","hentry"],"_links":{"self":[{"href":"https:\/\/tresubresdobles.es\/index.php\/wp-json\/wp\/v2\/pages\/704","targetHints":{"allow":["GET"]}}],"collection":[{"href":"https:\/\/tresubresdobles.es\/index.php\/wp-json\/wp\/v2\/pages"}],"about":[{"href":"https:\/\/tresubresdobles.es\/index.php\/wp-json\/wp\/v2\/types\/page"}],"author":[{"embeddable":true,"href":"https:\/\/tresubresdobles.es\/index.php\/wp-json\/wp\/v2\/users\/1"}],"replies":[{"embeddable":true,"href":"https:\/\/tresubresdobles.es\/index.php\/wp-json\/wp\/v2\/comments?post=704"}],"version-history":[{"count":83,"href":"https:\/\/tresubresdobles.es\/index.php\/wp-json\/wp\/v2\/pages\/704\/revisions"}],"predecessor-version":[{"id":1260,"href":"https:\/\/tresubresdobles.es\/index.php\/wp-json\/wp\/v2\/pages\/704\/revisions\/1260"}],"wp:attachment":[{"href":"https:\/\/tresubresdobles.es\/index.php\/wp-json\/wp\/v2\/media?parent=704"}],"curies":[{"name":"wp","href":"https:\/\/api.w.org\/{rel}","templated":true}]}}