{"id":1188,"date":"2022-05-15T14:35:46","date_gmt":"2022-05-15T14:35:46","guid":{"rendered":"https:\/\/tresubresdobles.es\/?page_id=1188"},"modified":"2025-04-04T08:30:14","modified_gmt":"2025-04-04T08:30:14","slug":"redaccion-de-contenidos-y-seo","status":"publish","type":"page","link":"https:\/\/tresubresdobles.es\/index.php\/redaccion-de-contenidos-y-seo\/","title":{"rendered":"Redacci\u00f3n de contenidos y SEO"},"content":{"rendered":"\n<div style=\"height:51px\" aria-hidden=\"true\" class=\"wp-block-spacer\"><\/div>\n\n\n\n<div class=\"wp-block-columns are-vertically-aligned-center is-layout-flex wp-container-core-columns-is-layout-28f84493 wp-block-columns-is-layout-flex\">\n<div class=\"wp-block-column is-vertically-aligned-center is-layout-flow wp-block-column-is-layout-flow\">\n<h4 class=\"wp-block-heading has-text-align-center\">La vaca de todas las vacas&#8230;<\/h4>\n\n\n\n<h1 class=\"wp-block-heading has-text-align-center\" style=\"font-size:89px;line-height:1\">Redacci\u00f3n de contenidos y SEO<\/h1>\n\n\n\n<hr class=\"wp-block-separator has-text-color has-black-color has-css-opacity has-black-background-color has-background aligncenter is-style-wide\"\/>\n\n\n\n<h4 class=\"wp-block-heading has-text-align-center\">\u00bfPara qu\u00e9 quieres escribir algo si Google no te entiende?<\/h4>\n<\/div>\n\n\n\n<div class=\"wp-block-column is-vertically-aligned-center is-layout-flow wp-block-column-is-layout-flow\">\n<figure class=\"wp-block-image size-full\"><img loading=\"lazy\" decoding=\"async\" width=\"580\" height=\"535\" src=\"https:\/\/tresubresdobles.es\/wp-content\/uploads\/2023\/04\/posicionamiento-seo-redaccion-texxtos.jpg\" alt=\"\" class=\"wp-image-1229\" srcset=\"https:\/\/tresubresdobles.es\/wp-content\/uploads\/2023\/04\/posicionamiento-seo-redaccion-texxtos.jpg 580w, https:\/\/tresubresdobles.es\/wp-content\/uploads\/2023\/04\/posicionamiento-seo-redaccion-texxtos-300x277.jpg 300w\" sizes=\"auto, (max-width: 580px) 100vw, 580px\" \/><\/figure>\n<\/div>\n<\/div>\n\n\n\n<div style=\"height:100px\" aria-hidden=\"true\" class=\"wp-block-spacer\"><\/div>\n\n\n\n<h2 class=\"wp-block-heading has-text-align-center\">Textos que quieren decir algo<\/h2>\n\n\n\n<p class=\"has-text-align-center\">Somos especialistas en redacci\u00f3n, y eso significa que no es lo mismo escribir un art\u00edculo para un cat\u00e1logo impreso, que una entrada de blog, que <strong>una p\u00e1gina web cuya necesidad es posicionarse por encima de la de la competencia<\/strong>. Nuestros redactores son especialistas en crear contenidos, pero tambi\u00e9n en posicionamiento SEO. Si no, \u00bfc\u00f3mo crees que has llegado hasta esta p\u00e1gina web? Pues porque son muy listos y escriben para que a Google le interese lo que tenemos que decir. Habla con nosotros, dinos qu\u00e9 necesitas, y nosotros te escribiremos El Quijote si hace falta.<\/p>\n\n\n\n<div style=\"height:100px\" aria-hidden=\"true\" class=\"wp-block-spacer\"><\/div>\n","protected":false},"excerpt":{"rendered":"<p>La vaca de todas las vacas&#8230; Redacci\u00f3n de contenidos y SEO \u00bfPara qu\u00e9 quieres escribir algo si Google no te entiende? Textos que quieren decir algo Somos especialistas en redacci\u00f3n, y eso significa que no es lo mismo escribir un art\u00edculo para un cat\u00e1logo impreso, que una entrada de blog, que una p\u00e1gina web cuya [&hellip;]<\/p>\n","protected":false},"author":1,"featured_media":0,"parent":0,"menu_order":0,"comment_status":"closed","ping_status":"closed","template":"","meta":{"site-sidebar-layout":"default","site-content-layout":"","ast-site-content-layout":"default","site-content-style":"default","site-sidebar-style":"default","ast-global-header-display":"","ast-banner-title-visibility":"","ast-main-header-display":"","ast-hfb-above-header-display":"","ast-hfb-below-header-display":"","ast-hfb-mobile-header-display":"","site-post-title":"disabled","ast-breadcrumbs-content":"disabled","ast-featured-img":"disabled","footer-sml-layout":"","theme-transparent-header-meta":"","adv-header-id-meta":"","stick-header-meta":"","header-above-stick-meta":"","header-main-stick-meta":"","header-below-stick-meta":"","astra-migrate-meta-layouts":"set","ast-page-background-enabled":"default","ast-page-background-meta":{"desktop":{"background-color":"","background-image":"","background-repeat":"repeat","background-position":"center center","background-size":"auto","background-attachment":"scroll","background-type":"","background-media":"","overlay-type":"","overlay-color":"","overlay-opacity":"","overlay-gradient":""},"tablet":{"background-color":"","background-image":"","background-repeat":"repeat","background-position":"center center","background-size":"auto","background-attachment":"scroll","background-type":"","background-media":"","overlay-type":"","overlay-color":"","overlay-opacity":"","overlay-gradient":""},"mobile":{"background-color":"","background-image":"","background-repeat":"repeat","background-position":"center center","background-size":"auto","background-attachment":"scroll","background-type":"","background-media":"","overlay-type":"","overlay-color":"","overlay-opacity":"","overlay-gradient":""}},"ast-content-background-meta":{"desktop":{"background-color":"var(--ast-global-color-5)","background-image":"","background-repeat":"repeat","background-position":"center center","background-size":"auto","background-attachment":"scroll","background-type":"","background-media":"","overlay-type":"","overlay-color":"","overlay-opacity":"","overlay-gradient":""},"tablet":{"background-color":"var(--ast-global-color-5)","background-image":"","background-repeat":"repeat","background-position":"center center","background-size":"auto","background-attachment":"scroll","background-type":"","background-media":"","overlay-type":"","overlay-color":"","overlay-opacity":"","overlay-gradient":""},"mobile":{"background-color":"var(--ast-global-color-5)","background-image":"","background-repeat":"repeat","background-position":"center center","background-size":"auto","background-attachment":"scroll","background-type":"","background-media":"","overlay-type":"","overlay-color":"","overlay-opacity":"","overlay-gradient":""}},"footnotes":""},"class_list":["post-1188","page","type-page","status-publish","hentry"],"_links":{"self":[{"href":"https:\/\/tresubresdobles.es\/index.php\/wp-json\/wp\/v2\/pages\/1188","targetHints":{"allow":["GET"]}}],"collection":[{"href":"https:\/\/tresubresdobles.es\/index.php\/wp-json\/wp\/v2\/pages"}],"about":[{"href":"https:\/\/tresubresdobles.es\/index.php\/wp-json\/wp\/v2\/types\/page"}],"author":[{"embeddable":true,"href":"https:\/\/tresubresdobles.es\/index.php\/wp-json\/wp\/v2\/users\/1"}],"replies":[{"embeddable":true,"href":"https:\/\/tresubresdobles.es\/index.php\/wp-json\/wp\/v2\/comments?post=1188"}],"version-history":[{"count":6,"href":"https:\/\/tresubresdobles.es\/index.php\/wp-json\/wp\/v2\/pages\/1188\/revisions"}],"predecessor-version":[{"id":1262,"href":"https:\/\/tresubresdobles.es\/index.php\/wp-json\/wp\/v2\/pages\/1188\/revisions\/1262"}],"wp:attachment":[{"href":"https:\/\/tresubresdobles.es\/index.php\/wp-json\/wp\/v2\/media?parent=1188"}],"curies":[{"name":"wp","href":"https:\/\/api.w.org\/{rel}","templated":true}]}}