{"id":1124,"date":"2022-05-14T18:09:20","date_gmt":"2022-05-14T18:09:20","guid":{"rendered":"https:\/\/tresubresdobles.es\/?page_id=1124"},"modified":"2025-04-04T08:25:41","modified_gmt":"2025-04-04T08:25:41","slug":"diseno-grafico","status":"publish","type":"page","link":"https:\/\/tresubresdobles.es\/index.php\/diseno-grafico\/","title":{"rendered":"Dise\u00f1o gr\u00e1fico"},"content":{"rendered":"\n<div style=\"height:57px\" aria-hidden=\"true\" class=\"wp-block-spacer\"><\/div>\n\n\n\n<div class=\"wp-block-columns are-vertically-aligned-center is-layout-flex wp-container-core-columns-is-layout-28f84493 wp-block-columns-is-layout-flex\">\n<div class=\"wp-block-column is-vertically-aligned-center is-layout-flow wp-block-column-is-layout-flow\">\n<h4 class=\"wp-block-heading has-text-align-center\">No te des una leche con tu imagen&#8230;<\/h4>\n\n\n\n<h1 class=\"wp-block-heading has-text-align-center\" style=\"line-height:1\">Dise\u00f1o gr\u00e1fico, blanco y en botella<\/h1>\n\n\n\n<hr class=\"wp-block-separator has-text-color has-black-color has-css-opacity has-black-background-color has-background aligncenter is-style-wide\"\/>\n\n\n\n<h4 class=\"wp-block-heading has-text-align-center\">La primera impresi\u00f3n es lo que cuenta, y si lo primero que ve el cliente es un logo poco profesional o un cat\u00e1logo deficiente\u2026 Pues eso, \u00bfqu\u00e9 esperas?<\/h4>\n<\/div>\n\n\n\n<div class=\"wp-block-column is-vertically-aligned-center is-layout-flow wp-block-column-is-layout-flow\">\n<figure class=\"wp-block-image size-full\"><img loading=\"lazy\" decoding=\"async\" width=\"600\" height=\"535\" src=\"https:\/\/tresubresdobles.es\/wp-content\/uploads\/2022\/05\/diseno-grafico-logotipos.jpg\" alt=\"\" class=\"wp-image-1131\" srcset=\"https:\/\/tresubresdobles.es\/wp-content\/uploads\/2022\/05\/diseno-grafico-logotipos.jpg 600w, https:\/\/tresubresdobles.es\/wp-content\/uploads\/2022\/05\/diseno-grafico-logotipos-300x268.jpg 300w\" sizes=\"auto, (max-width: 600px) 100vw, 600px\" \/><\/figure>\n<\/div>\n<\/div>\n\n\n\n<div style=\"height:100px\" aria-hidden=\"true\" class=\"wp-block-spacer\"><\/div>\n\n\n\n<h2 class=\"wp-block-heading has-text-align-center\">El dise\u00f1o gr\u00e1fico representa a tu empresa<\/h2>\n\n\n\n<div style=\"height:25px\" aria-hidden=\"true\" class=\"wp-block-spacer\"><\/div>\n\n\n\n<p class=\"has-text-align-center\">Nuestra forma de acometer un proyecto de dise\u00f1o, ya sea un logotipo, un cat\u00e1logo, o un posavasos, es siempre la misma. Nos hacemos una pregunta: <strong>\u00bfQu\u00e9 quiere comunicar el cliente?<\/strong> Porque una imagen vale m\u00e1s que mil palabras, pero una mala imagen son mil palabras mal escritas que informar\u00e1n a nuestro cliente de cosas equivocadas. Sin embargo, <strong>la imagen adecuada har\u00e1 volar a tu empresa.<\/strong><\/p>\n\n\n\n<div style=\"height:42px\" aria-hidden=\"true\" class=\"wp-block-spacer\"><\/div>\n\n\n\n<div class=\"wp-block-columns are-vertically-aligned-center is-layout-flex wp-container-core-columns-is-layout-28f84493 wp-block-columns-is-layout-flex\">\n<div class=\"wp-block-column is-vertically-aligned-center is-layout-flow wp-block-column-is-layout-flow\">\n<figure class=\"wp-block-image size-full\"><img loading=\"lazy\" decoding=\"async\" width=\"628\" height=\"541\" src=\"https:\/\/tresubresdobles.es\/wp-content\/uploads\/2022\/05\/diseno-grafico-empresas.jpg\" alt=\"\" class=\"wp-image-1141\" srcset=\"https:\/\/tresubresdobles.es\/wp-content\/uploads\/2022\/05\/diseno-grafico-empresas.jpg 628w, https:\/\/tresubresdobles.es\/wp-content\/uploads\/2022\/05\/diseno-grafico-empresas-300x258.jpg 300w\" sizes=\"auto, (max-width: 628px) 100vw, 628px\" \/><\/figure>\n<\/div>\n\n\n\n<div class=\"wp-block-column is-vertically-aligned-center is-layout-flow wp-block-column-is-layout-flow\">\n<h2 class=\"wp-block-heading\">Naming y logotipo<\/h2>\n\n\n\n<p>\u00bfPensando en crear una nueva marca o empresa? Te ayudamos no solo con la <strong>creaci\u00f3n de un logotipo<\/strong> que la represente, sino desde la <strong>selecci\u00f3n del nombre<\/strong>, que es igual de importante, estudiando adem\u00e1s su disponibilidad en dominios y redes sociales.<\/p>\n\n\n\n<h2 class=\"wp-block-heading\">Identidad corporativa<\/h2>\n\n\n\n<p><strong>Papeler\u00eda, folletos, cat\u00e1logos, flyers, banderolas<\/strong>\u2026 Son muchas las necesidades de una marca, y todo debe tener un dise\u00f1o gr\u00e1fico perfecto y que mantenga la identidad corporativa.<\/p>\n\n\n\n<h2 class=\"wp-block-heading\" style=\"line-height:1\">Banners para webs y redes<\/h2>\n\n\n\n<p>No solo acometemos grandes proyectos, sino tambi\u00e9n peque\u00f1as piezas como <strong>un banner para tu web<\/strong> o <strong>una imagen para tus redes sociales <\/strong>que requieran un \u201ccari\u00f1o\u201d m\u00e1s especial que el t\u00edpico post, creando campa\u00f1as m\u00e1s eficaces gracias a im\u00e1genes m\u00e1s potentes.<\/p>\n<\/div>\n<\/div>\n\n\n\n<div style=\"height:100px\" aria-hidden=\"true\" class=\"wp-block-spacer\"><\/div>\n","protected":false},"excerpt":{"rendered":"<p>No te des una leche con tu imagen&#8230; Dise\u00f1o gr\u00e1fico, blanco y en botella La primera impresi\u00f3n es lo que cuenta, y si lo primero que ve el cliente es un logo poco profesional o un cat\u00e1logo deficiente\u2026 Pues eso, \u00bfqu\u00e9 esperas? El dise\u00f1o gr\u00e1fico representa a tu empresa Nuestra forma de acometer un proyecto [&hellip;]<\/p>\n","protected":false},"author":1,"featured_media":0,"parent":0,"menu_order":0,"comment_status":"closed","ping_status":"closed","template":"","meta":{"site-sidebar-layout":"default","site-content-layout":"","ast-site-content-layout":"default","site-content-style":"default","site-sidebar-style":"default","ast-global-header-display":"","ast-banner-title-visibility":"","ast-main-header-display":"","ast-hfb-above-header-display":"","ast-hfb-below-header-display":"","ast-hfb-mobile-header-display":"","site-post-title":"disabled","ast-breadcrumbs-content":"disabled","ast-featured-img":"disabled","footer-sml-layout":"","theme-transparent-header-meta":"disabled","adv-header-id-meta":"","stick-header-meta":"","header-above-stick-meta":"","header-main-stick-meta":"","header-below-stick-meta":"","astra-migrate-meta-layouts":"set","ast-page-background-enabled":"default","ast-page-background-meta":{"desktop":{"background-color":"","background-image":"","background-repeat":"repeat","background-position":"center center","background-size":"auto","background-attachment":"scroll","background-type":"","background-media":"","overlay-type":"","overlay-color":"","overlay-opacity":"","overlay-gradient":""},"tablet":{"background-color":"","background-image":"","background-repeat":"repeat","background-position":"center center","background-size":"auto","background-attachment":"scroll","background-type":"","background-media":"","overlay-type":"","overlay-color":"","overlay-opacity":"","overlay-gradient":""},"mobile":{"background-color":"","background-image":"","background-repeat":"repeat","background-position":"center center","background-size":"auto","background-attachment":"scroll","background-type":"","background-media":"","overlay-type":"","overlay-color":"","overlay-opacity":"","overlay-gradient":""}},"ast-content-background-meta":{"desktop":{"background-color":"var(--ast-global-color-5)","background-image":"","background-repeat":"repeat","background-position":"center center","background-size":"auto","background-attachment":"scroll","background-type":"","background-media":"","overlay-type":"","overlay-color":"","overlay-opacity":"","overlay-gradient":""},"tablet":{"background-color":"var(--ast-global-color-5)","background-image":"","background-repeat":"repeat","background-position":"center center","background-size":"auto","background-attachment":"scroll","background-type":"","background-media":"","overlay-type":"","overlay-color":"","overlay-opacity":"","overlay-gradient":""},"mobile":{"background-color":"var(--ast-global-color-5)","background-image":"","background-repeat":"repeat","background-position":"center center","background-size":"auto","background-attachment":"scroll","background-type":"","background-media":"","overlay-type":"","overlay-color":"","overlay-opacity":"","overlay-gradient":""}},"footnotes":""},"class_list":["post-1124","page","type-page","status-publish","hentry"],"_links":{"self":[{"href":"https:\/\/tresubresdobles.es\/index.php\/wp-json\/wp\/v2\/pages\/1124","targetHints":{"allow":["GET"]}}],"collection":[{"href":"https:\/\/tresubresdobles.es\/index.php\/wp-json\/wp\/v2\/pages"}],"about":[{"href":"https:\/\/tresubresdobles.es\/index.php\/wp-json\/wp\/v2\/types\/page"}],"author":[{"embeddable":true,"href":"https:\/\/tresubresdobles.es\/index.php\/wp-json\/wp\/v2\/users\/1"}],"replies":[{"embeddable":true,"href":"https:\/\/tresubresdobles.es\/index.php\/wp-json\/wp\/v2\/comments?post=1124"}],"version-history":[{"count":14,"href":"https:\/\/tresubresdobles.es\/index.php\/wp-json\/wp\/v2\/pages\/1124\/revisions"}],"predecessor-version":[{"id":1253,"href":"https:\/\/tresubresdobles.es\/index.php\/wp-json\/wp\/v2\/pages\/1124\/revisions\/1253"}],"wp:attachment":[{"href":"https:\/\/tresubresdobles.es\/index.php\/wp-json\/wp\/v2\/media?parent=1124"}],"curies":[{"name":"wp","href":"https:\/\/api.w.org\/{rel}","templated":true}]}}