{"id":1113,"date":"2022-05-14T17:12:32","date_gmt":"2022-05-14T17:12:32","guid":{"rendered":"https:\/\/tresubresdobles.es\/?page_id=1113"},"modified":"2022-05-14T17:12:32","modified_gmt":"2022-05-14T17:12:32","slug":"politica-de-cookies","status":"publish","type":"page","link":"https:\/\/tresubresdobles.es\/index.php\/politica-de-cookies\/","title":{"rendered":"Pol\u00edtica de cookies"},"content":{"rendered":"\n<p><\/p>\n\n\n\n<p><strong>\u00bfQu\u00e9 son las cookies?<\/strong><\/p>\n\n\n\n<p>Una cookie es un archivo de texto muy peque\u00f1o que un servidor Web puede guardar en el navegador de un equipo para almacenar alg\u00fan tipo de informaci\u00f3n sobre el usuario. La cookie identifica el equipo de forma \u00fanica, y s\u00f3lo puede ser le\u00edda por el sitio Web que lo envi\u00f3 al equipo.<\/p>\n\n\n\n<p>Una cookie no es un archivo ejecutable ni un programa y por lo tanto no puede propagar o contener un virus u otro software malicioso, ni puede tener una longitud superior a 4.000 caracteres.<\/p>\n\n\n\n<p><strong>\u00bfPara qu\u00e9 sirven las cookies?<\/strong><\/p>\n\n\n\n<p>La utilizaci\u00f3n de las cookies tiene como finalidad recordar las preferencias del usuario (idioma, pa\u00eds, inicio de sesi\u00f3n, caracter\u00edsticas de su navegador, informaci\u00f3n de uso de nuestra Web, etc.)<br>Recordando sus preferencias no tendremos que, por ejemplo, preguntarle por su pa\u00eds cada vez que visite nuestra Web. Sabremos las caracter\u00edsticas Sistema Operativo y el navegador del dispositivo que se est\u00e1 usando y as\u00ed podremos ofrecerle una mejor experiencia de navegaci\u00f3n.<br>Las cookies pueden ayudar a nuestro sitio Web a distinguir el navegador del usuario como visitante anterior y as\u00ed guardar y recordar las preferencias que puedan haberse establecido mientras el usuario estaba navegando por el sitio, personalizar las p\u00e1ginas de inicio, identificar qu\u00e9 sectores de un sitio han sido visitados o mantener un registro de selecciones en un \u201ccarro de compra\u201d entre otros.<br>En esta web utilizamos las cookies con el objeto de reconocer a los usuarios que hayan accedido a nuestro sitio web y poder ofrecerles un mejor servicio y m\u00e1s personalizado. Asimismo, pueden ser utilizadas para obtener informaci\u00f3n acerca de la fecha y hora de la \u00faltima visita del usuario, medir algunos par\u00e1metros de tr\u00e1fico dentro de la propia p\u00e1gina y estimar el n\u00famero de visitas realizadas, de manera que podamos enfocar y ajustar los servicios y promociones de forma m\u00e1s efectiva.<br>Normalmente los sitios Web utilizan las cookies para obtener informaci\u00f3n estad\u00edstica sobre sus p\u00e1ginas Web. Tenga en cuenta que recogemos datos sobre sus movimientos y uso de nuestra Web como datos estad\u00edsticos, no personales.<\/p>\n\n\n\n<p><strong>Tipos de cookies<\/strong><\/p>\n\n\n\n<p>Las cookies se pueden clasificar en funci\u00f3n a la entidad que las gestione, el tiempo que \u00e9stas permanecen activas o seg\u00fan su finalidad. En algunas ocasiones podremos comprobar que una misma cookie puede estar incluida dentro de m\u00e1s de una categor\u00eda.<\/p>\n\n\n\n<p>En funci\u00f3n a su propiedad<br><strong>Cookies propias:<\/strong> Son aquellas que se env\u00edan al equipo del usuario desde un equipo o dominio gestionado por TRESUBRESDOBLES.<br><strong>Cookies de terceros:<\/strong> Son aqu\u00e9llas que se env\u00edan al equipo terminal del usuario desde un equipo o dominio que no es gestionado por el editor, sino por otra entidad que trata los datos obtenidos trav\u00e9s de las cookies.<\/p>\n\n\n\n<p>En funci\u00f3n a su tiempo de vida<br><strong>Cookies de sesi\u00f3n:<\/strong> Son aquellas que recaban datos mientras que el usuario est\u00e1 navegando por la p\u00e1gina web.<br><strong>Cookies persistentes:<\/strong> Son aquellas en las que los datos siguen almacenados en el terminal y pueden ser accedidos y tratados durante un periodo definido por el responsable de la cookie, y que puede ir de unos minutos a varios a\u00f1os.<\/p>\n\n\n\n<p>En funci\u00f3n a su finalidad<br><strong>Cookies t\u00e9cnicas:<\/strong> Son aquellas que se usan de forma internas y que son necesarias para el funcionamiento de la web.<br><strong>Cookies anal\u00edticas:<\/strong> Son aquellas que permiten recabar informaci\u00f3n estad\u00edstica sobre la actividad de los usuarios. Dicha informaci\u00f3n se recopila de forma an\u00f3nima y permite optimizar la navegaci\u00f3n por la nuestra web con el fin de garantizar un mejor servicio al usuario.<br><strong>Cookies de personalizaci\u00f3n:<\/strong> Son aquellas que permiten al usuario acceder al servicio con algunas caracter\u00edsticas de car\u00e1cter general predefinidas en funci\u00f3n de una serie de criterios en el terminal del usuario como por ejemplo serian el idioma, el tipo de navegador a trav\u00e9s del cual accede al servicio, la configuraci\u00f3n regional desde donde accede al servicio, etc.<br><strong>Cookies publicitarias:<\/strong> Son aqu\u00e9llas que permiten la gesti\u00f3n, de la forma m\u00e1s eficaz posible, de los espacios publicitarios que, en su caso, el editor haya incluido en una p\u00e1gina web, aplicaci\u00f3n o plataforma desde la que presta el servicio solicitado en base a criterios como el contenido editado o la frecuencia en la que se muestran los anuncios.<br><strong>Cookies de publicidad comportamental:<\/strong> Son aqu\u00e9llas que permiten la gesti\u00f3n, de la forma m\u00e1s eficaz posible, de los espacios publicitarios que, en su caso, el editor haya incluido en una p\u00e1gina web, aplicaci\u00f3n o plataforma desde la que presta el servicio solicitado. Estas cookies almacenan informaci\u00f3n del comportamiento de los usuarios obtenida a trav\u00e9s de la observaci\u00f3n continuada de sus h\u00e1bitos de navegaci\u00f3n, lo que permite desarrollar un perfil espec\u00edfico para mostrar publicidad en funci\u00f3n del mismo.<\/p>\n\n\n\n<p><strong>Finalidades de las cookies.<\/strong><\/p>\n\n\n\n<p>A continuaci\u00f3n, se presenta una lista de las cookies que puede encontrar en nuestro sitio Web y una breve descripci\u00f3n de su finalidad. Le aseguramos que ninguna de ellas conserva informaci\u00f3n de identificaci\u00f3n personal sobre usted. Algunas cookies personalizan su visita, otras recuerdan sus preferencias, mientras que otras solo nos proveen estad\u00edsticas de los visitantes.<\/p>\n\n\n\n<p>Cookie: _ga<br>Fuente: Google Analytics<br>Duraci\u00f3n: 2 a\u00f1os<br>Descripci\u00f3n: Generar un identificador de usuario \u00fanico, que es el que se utiliza para hacer recuento de cu\u00e1ntas veces visita el sitio un usuario, as\u00ed como la fecha de la primera y la \u00faltima vez que visit\u00f3 la web. Registrar la fecha y hora de acceso a cualquiera de las p\u00e1ginas del Sitio. Comprobar la necesidad de mantener la sesi\u00f3n de un usuario abierta o crear una nueva. Identificar la sesi\u00f3n del usuario, para recoger la ubicaci\u00f3n geogr\u00e1fica aproximada del ordenador que accede al Sitio con efectos estad\u00edsticos.<\/p>\n\n\n\n<p>Cookie: _gat<br>Fuente: Google Analytics<br>Duraci\u00f3n: Finalizaci\u00f3n de sesi\u00f3n<br>Descripci\u00f3n: Generar un identificador de usuario \u00fanico, que es el que se utiliza para hacer recuento de cu\u00e1ntas veces visita el sitio un usuario, as\u00ed como la fecha de la primera y la \u00faltima vez que visit\u00f3 la web. Registrar la fecha y hora de acceso a cualquiera de las p\u00e1ginas del Sitio. Comprobar la necesidad de mantener la sesi\u00f3n de un usuario abierta o crear una nueva. Identificar la sesi\u00f3n del usuario, para recoger la ubicaci\u00f3n geogr\u00e1fica aproximada del ordenador que accede al Sitio con efectos estad\u00edsticos.<\/p>\n\n\n\n<p>Cookie: _gid<br>Fuente: Google Analytics<br>Duraci\u00f3n: 24 horas<br>Descripci\u00f3n: Generar un identificador de usuario \u00fanico, que es el que se utiliza para hacer recuento de cu\u00e1ntas veces visita el sitio un usuario, as\u00ed como la fecha de la primera y la \u00faltima vez que visit\u00f3 la web. Registrar la fecha y hora de acceso a cualquiera de las p\u00e1ginas del Sitio. Comprobar la necesidad de mantener la sesi\u00f3n de un usuario abierta o crear una nueva. Identificar la sesi\u00f3n del usuario, para recoger la ubicaci\u00f3n geogr\u00e1fica aproximada del ordenador que accede al Sitio con efectos estad\u00edsticos.<\/p>\n\n\n\n<p><strong>Salvaguardas de protecci\u00f3n.<\/strong><\/p>\n\n\n\n<p>El usuario puede configurar su navegador para aceptar, o no, las cookies que recibe o para que el navegador le avise cuando un servidor quiera guardar una cookie o borrarlas de su ordenador. En caso de aceptar cookies de terceros y se desea retirar el consentimiento sobre las mismas, el Usuario puede encontrar las instrucciones en la configuraci\u00f3n de seguridad en su navegador Web.<\/p>\n\n\n\n<p>En el caso de las cookies de Google Analytics, esta empresa almacena las cookies en servidores ubicados en Estados Unidos y se compromete a no compartirla con terceros, excepto en los casos en los que sea necesario para el funcionamiento del sistema o cuando la ley obligue a tal efecto. Si desea impedir que Google Analytics recopile estad\u00edsticas de seguridad visite el siguiente enlace: <a href=\"https:\/\/tools.google.com\/dlpage\/gaoptout\" target=\"_blank\" rel=\"noreferrer noopener\">https:\/\/tools.google.com\/dlpage\/gaoptout<\/a><\/p>\n\n\n\n<p>Ejemplos:<br>Si utiliza Microsoft Internet Explorer, en la opci\u00f3n de men\u00fa Herramientas &gt; Opciones de Internet &gt; Privacidad &gt; Configuraci\u00f3n.<br>Si utiliza Firefox, en la opci\u00f3n de men\u00fa Herramientas &gt; Opciones &gt; Privacidad &gt; Cookies.<br>Si utiliza Google Chrome, en la opci\u00f3n de men\u00fa Configuraci\u00f3n &gt; Privacidad.<br>Si utiliza Safari, en la opci\u00f3n de men\u00fa Preferencias &gt; Seguridad.<br>Si utiliza \u00d3pera,.&gt; Configuraci\u00f3n &gt; Eliminar informaci\u00f3n personal.<br>Si utiliza un explorador nativo de su terminal m\u00f3vil, Ajustes &gt; Borrar datos o Privacidad y Seguridad*<br>*Puede diferir en funci\u00f3n al modelo de versi\u00f3n del sistema operativo.<\/p>\n\n\n\n<p>Puede hacer uso de la secci\u00f3n \u201cAyuda\u201d que encontrar\u00e1 en la barra de herramientas de la mayor\u00eda de navegadores para cambiar los ajustes de su ordenador, sin embargo, algunas de las caracter\u00edsticas de nuestros servicios online pueden no funcionar o pueden resultar m\u00e1s complicadas de acceder si rechaza todas las cookies.<\/p>\n\n\n\n<p>Muchos navegadores permiten activar un modo privado mediante el cual las cookies se borran siempre despu\u00e9s de su visita. Dependiendo de cada navegador, este modo privado puede tener diferentes nombres, abajo puede encontrar una lista de los navegadores m\u00e1s comunes y los diferentes nombres de este \u201cmodo privado\u201d<\/p>\n\n\n\n<p>Internet Explorer 8 y superior: InPrivate<br>FireFox 3.5 y superior: Navegaci\u00f3n Privada<br>Google Chrome 10 y superior: Inc\u00f3gnito<br>Safari 2 y superior: Navegaci\u00f3n Privada<br>Opera 10.5 y superior: Navegaci\u00f3n Privada<br>Navegador: Pesta\u00f1a de inc\u00f3gnito<\/p>\n\n\n\n<p>Por favor, lea atentamente la secci\u00f3n de ayuda de su navegador para conocer m\u00e1s acerca de c\u00f3mo activar el \u201cmodo privado\u201d. Podr\u00e1 seguir visitando nuestra Web aunque su navegador est\u00e9 en \u201cmodo privado\u201d, no obstante, la experiencia de usuario puede no ser \u00f3ptima y algunas utilidades pueden no funcionar.<\/p>\n\n\n\n<p>Adem\u00e1s, tambi\u00e9n puede gestionar el almac\u00e9n de cookies en su navegador a trav\u00e9s de herramientas como las siguientes:<\/p>\n\n\n\n<p>Ghostery: <a href=\"https:\/\/www.ghostery.com\/\" target=\"_blank\" rel=\"noreferrer noopener\">ghostery.com<\/a><br>Your online choices: <a href=\"https:\/\/www.youronlinechoices.com\/es\/\" target=\"_blank\" rel=\"noreferrer noopener\">youronlinechoices.com\/es\/<\/a><\/p>\n\n\n\n<p>Le agradecemos que active la aceptaci\u00f3n de cookies, esto nos ayuda a obtener datos m\u00e1s precisos que nos permiten mejorar el contenido y el dise\u00f1o de nuestra p\u00e1gina Web para adaptarlo a sus preferencias.<\/p>\n\n\n\n<p>Adicionalmente, TRESUBRESDOBLES tiene presencia en portales y servicios de terceros para los que, si se desea conocer las condiciones de privacidad y uso de cookies, deber\u00e1 consultar las pol\u00edticas proporcionadas por los mismos:<\/p>\n\n\n\n<p>Facebook: <a href=\"https:\/\/es-es.facebook.com\/help\/cookies\" target=\"_blank\" rel=\"noreferrer noopener\">https:\/\/es-es.facebook.com\/help\/cookies<\/a><br>YouTube: <a href=\"https:\/\/www.google.es\/intl\/es\/policies\/technologies\/cookies\/\" target=\"_blank\" rel=\"noreferrer noopener\">https:\/\/www.google.es\/intl\/es\/policies\/technologies\/cookies\/<\/a><br>Instagram: <a href=\"https:\/\/www.instagram.com\/legal\/cookies\/\" target=\"_blank\" rel=\"noreferrer noopener\">https:\/\/www.instagram.com\/legal\/cookies\/<\/a><\/p>\n","protected":false},"excerpt":{"rendered":"<p>\u00bfQu\u00e9 son las cookies? Una cookie es un archivo de texto muy peque\u00f1o que un servidor Web puede guardar en el navegador de un equipo para almacenar alg\u00fan tipo de informaci\u00f3n sobre el usuario. La cookie identifica el equipo de forma \u00fanica, y s\u00f3lo puede ser le\u00edda por el sitio Web que lo envi\u00f3 al [&hellip;]<\/p>\n","protected":false},"author":1,"featured_media":0,"parent":0,"menu_order":0,"comment_status":"closed","ping_status":"closed","template":"","meta":{"site-sidebar-layout":"default","site-content-layout":"","ast-site-content-layout":"","site-content-style":"default","site-sidebar-style":"default","ast-global-header-display":"","ast-banner-title-visibility":"","ast-main-header-display":"","ast-hfb-above-header-display":"","ast-hfb-below-header-display":"","ast-hfb-mobile-header-display":"","site-post-title":"","ast-breadcrumbs-content":"","ast-featured-img":"","footer-sml-layout":"","theme-transparent-header-meta":"","adv-header-id-meta":"","stick-header-meta":"","header-above-stick-meta":"","header-main-stick-meta":"","header-below-stick-meta":"","astra-migrate-meta-layouts":"default","ast-page-background-enabled":"default","ast-page-background-meta":{"desktop":{"background-color":"","background-image":"","background-repeat":"repeat","background-position":"center center","background-size":"auto","background-attachment":"scroll","background-type":"","background-media":"","overlay-type":"","overlay-color":"","overlay-opacity":"","overlay-gradient":""},"tablet":{"background-color":"","background-image":"","background-repeat":"repeat","background-position":"center center","background-size":"auto","background-attachment":"scroll","background-type":"","background-media":"","overlay-type":"","overlay-color":"","overlay-opacity":"","overlay-gradient":""},"mobile":{"background-color":"","background-image":"","background-repeat":"repeat","background-position":"center center","background-size":"auto","background-attachment":"scroll","background-type":"","background-media":"","overlay-type":"","overlay-color":"","overlay-opacity":"","overlay-gradient":""}},"ast-content-background-meta":{"desktop":{"background-color":"var(--ast-global-color-5)","background-image":"","background-repeat":"repeat","background-position":"center center","background-size":"auto","background-attachment":"scroll","background-type":"","background-media":"","overlay-type":"","overlay-color":"","overlay-opacity":"","overlay-gradient":""},"tablet":{"background-color":"var(--ast-global-color-5)","background-image":"","background-repeat":"repeat","background-position":"center center","background-size":"auto","background-attachment":"scroll","background-type":"","background-media":"","overlay-type":"","overlay-color":"","overlay-opacity":"","overlay-gradient":""},"mobile":{"background-color":"var(--ast-global-color-5)","background-image":"","background-repeat":"repeat","background-position":"center center","background-size":"auto","background-attachment":"scroll","background-type":"","background-media":"","overlay-type":"","overlay-color":"","overlay-opacity":"","overlay-gradient":""}},"footnotes":""},"class_list":["post-1113","page","type-page","status-publish","hentry"],"_links":{"self":[{"href":"https:\/\/tresubresdobles.es\/index.php\/wp-json\/wp\/v2\/pages\/1113","targetHints":{"allow":["GET"]}}],"collection":[{"href":"https:\/\/tresubresdobles.es\/index.php\/wp-json\/wp\/v2\/pages"}],"about":[{"href":"https:\/\/tresubresdobles.es\/index.php\/wp-json\/wp\/v2\/types\/page"}],"author":[{"embeddable":true,"href":"https:\/\/tresubresdobles.es\/index.php\/wp-json\/wp\/v2\/users\/1"}],"replies":[{"embeddable":true,"href":"https:\/\/tresubresdobles.es\/index.php\/wp-json\/wp\/v2\/comments?post=1113"}],"version-history":[{"count":1,"href":"https:\/\/tresubresdobles.es\/index.php\/wp-json\/wp\/v2\/pages\/1113\/revisions"}],"predecessor-version":[{"id":1114,"href":"https:\/\/tresubresdobles.es\/index.php\/wp-json\/wp\/v2\/pages\/1113\/revisions\/1114"}],"wp:attachment":[{"href":"https:\/\/tresubresdobles.es\/index.php\/wp-json\/wp\/v2\/media?parent=1113"}],"curies":[{"name":"wp","href":"https:\/\/api.w.org\/{rel}","templated":true}]}}